{"id":10,"date":"2015-04-14T15:10:54","date_gmt":"2015-04-14T13:10:54","guid":{"rendered":"http:\/\/thegoldenbun.net\/?page_id=10"},"modified":"2022-04-29T08:26:59","modified_gmt":"2022-04-29T06:26:59","slug":"contact-disclaimer","status":"publish","type":"page","link":"https:\/\/thegoldenbun.com\/de\/contact-disclaimer\/","title":{"rendered":"Kontakt \/ Disclaimer"},"content":{"rendered":"<p><\/p>\n<h1><\/h1>\n<h1><b>Sie wollen Medienpartner von THE <em>GOLDEN<\/em> BUN werden?<\/b><\/h1>\n<p>Kontaktieren Sie mich doch bitte unter:\u00a0<a href=\"mailto:vicky@thegoldenbun.com\">vicky[at]thegoldenbun.com<\/a> und fordern Sie meine aktuellen Mediadaten an.<\/p>\n<p style=\"text-align: center;\"><strong>\/\/<\/strong><\/p>\n<div class=\"impressum\">\n<h1>Impressum<\/h1>\n<p>Angaben gem\u00e4\u00df \u00a7 5 TMG<\/p>\n<p>Vicky Klieber<br \/>\nBrunnenstra\u00dfe 24<br \/>\n10119 Berlin<\/p>\n<p><strong>Vertreten durch: <\/strong><br \/>\nVicky Klieber<\/p>\n<p><strong>Kontakt:<\/strong><br \/>\nE-Mail: <a href=\"mailto:vicky@thegoldenbun.com\">vicky[at]thegoldenbun.com<\/a><\/p>\n<p><strong>Umsatzsteuer-ID: <\/strong><br \/>\nUmsatzsteuer-Identifikationsnummer gem\u00e4\u00df \u00a727a Umsatzsteuergesetz: DE 313198149<\/p>\n<p><strong>Verantwortlich f\u00fcr den Inhalt nach \u00a7 55 Abs. 2 RStV:<\/strong><br \/>\nVicky Klieber<br \/>\nBrunnenstra\u00dfe 24<br \/>\n10119 Berlin<\/p>\n<h2>Haftungsausschluss:<\/h2>\n<h3>Haftung f\u00fcr Inhalte<\/h3>\n<p>Die Inhalte unserer Seiten wurden mit gr\u00f6\u00dfter Sorgfalt erstellt. F\u00fcr die Richtigkeit, Vollst\u00e4ndigkeit und Aktualit\u00e4t der Inhalte k\u00f6nnen wir jedoch keine Gew\u00e4hr \u00fcbernehmen. Als Diensteanbieter sind wir gem\u00e4\u00df \u00a7 7 Abs.1 TMG f\u00fcr eigene Inhalte auf diesen Seiten nach den allgemeinen Gesetzen verantwortlich. Nach \u00a7\u00a7 8 bis 10 TMG sind wir als Diensteanbieter jedoch nicht verpflichtet, \u00fcbermittelte oder gespeicherte fremde Informationen zu \u00fcberwachen oder nach Umst\u00e4nden zu forschen, die auf eine rechtswidrige T\u00e4tigkeit hinweisen. Verpflichtungen zur Entfernung oder Sperrung der Nutzung von Informationen nach den allgemeinen Gesetzen bleiben hiervon unber\u00fchrt. Eine diesbez\u00fcgliche Haftung ist jedoch erst ab dem Zeitpunkt der Kenntnis einer konkreten Rechtsverletzung m\u00f6glich. Bei Bekanntwerden von entsprechenden Rechtsverletzungen werden wir diese Inhalte umgehend entfernen.<\/p>\n<h3>Haftung f\u00fcr Links<\/h3>\n<p>Unser Angebot enth\u00e4lt Links zu externen Webseiten Dritter, auf deren Inhalte wir keinen Einfluss haben. Deshalb k\u00f6nnen wir f\u00fcr diese fremden Inhalte auch keine Gew\u00e4hr \u00fcbernehmen. F\u00fcr die Inhalte der verlinkten Seiten ist stets der jeweilige Anbieter oder Betreiber der Seiten verantwortlich. Die verlinkten Seiten wurden zum Zeitpunkt der Verlinkung auf m\u00f6gliche Rechtsverst\u00f6\u00dfe \u00fcberpr\u00fcft. Rechtswidrige Inhalte waren zum Zeitpunkt der Verlinkung nicht erkennbar. Eine permanente inhaltliche Kontrolle der verlinkten Seiten ist jedoch ohne konkrete Anhaltspunkte einer Rechtsverletzung nicht zumutbar. Bei Bekanntwerden von Rechtsverletzungen werden wir derartige Links umgehend entfernen.<\/p>\n<p style=\"text-align: center;\"><strong>\/\/<\/strong><\/p>\n<h1>Datenschutz<\/h1>\n<p>Ausf\u00fchrliche Informationen zum Datenschutz erhalten Sie unter folgendem Link:<br \/>\n<a href=\"http:\/\/thegoldenbun.com\/de\/data-privacy-datenschutz\/\">http:\/\/thegoldenbun.com\/data-privacy-datenschutz\/<\/a><\/p>\n<\/div>\n<p><\/p>","protected":false},"excerpt":{"rendered":"<p>Sie wollen Medienpartner von THE GOLDEN BUN werden? Kontaktieren Sie mich doch bitte unter:\u00a0vicky[at]thegoldenbun.com und fordern Sie meine aktuellen Mediadaten an. \/\/ Impressum Angaben gem\u00e4\u00df \u00a7 5 TMG Vicky Klieber Brunnenstra\u00dfe 24 10119 Berlin Vertreten durch: Vicky Klieber Kontakt: E-Mail: vicky[at]thegoldenbun.com Umsatzsteuer-ID: Umsatzsteuer-Identifikationsnummer gem\u00e4\u00df \u00a727a Umsatzsteuergesetz: DE 313198149 Verantwortlich f\u00fcr den Inhalt nach \u00a7 55 Abs. 2 RStV: Vicky Klieber Brunnenstra\u00dfe 24 10119 Berlin Haftungsausschluss: Haftung f\u00fcr Inhalte Die Inhalte [&hellip;]<\/p>\n","protected":false},"author":1,"featured_media":0,"parent":0,"menu_order":0,"comment_status":"open","ping_status":"open","template":"","meta":{"_exactmetrics_skip_tracking":false,"_exactmetrics_sitenote_active":false,"_exactmetrics_sitenote_note":"","_exactmetrics_sitenote_category":0,"spay_email":""},"acf":[],"yoast_head":"<!-- This site is optimized with the Yoast SEO plugin v18.9 - https:\/\/yoast.com\/wordpress\/plugins\/seo\/ -->\n<title>Kontakt \/ Disclaimer - The Golden Bun<\/title>\n<meta name=\"robots\" content=\"index, follow, max-snippet:-1, max-image-preview:large, max-video-preview:-1\" \/>\n<link rel=\"canonical\" href=\"https:\/\/thegoldenbun.com\/contact-disclaimer\/\" \/>\n<meta property=\"og:locale\" content=\"de_DE\" \/>\n<meta property=\"og:type\" content=\"article\" \/>\n<meta property=\"og:title\" content=\"Kontakt \/ Disclaimer - The Golden Bun\" \/>\n<meta property=\"og:description\" content=\"Sie wollen Medienpartner von THE GOLDEN BUN werden? Kontaktieren Sie mich doch bitte unter:\u00a0vicky[at]thegoldenbun.com und fordern Sie meine aktuellen Mediadaten an. \/\/ Impressum Angaben gem\u00e4\u00df \u00a7 5 TMG Vicky Klieber Brunnenstra\u00dfe 24 10119 Berlin Vertreten durch: Vicky Klieber Kontakt: E-Mail: vicky[at]thegoldenbun.com Umsatzsteuer-ID: Umsatzsteuer-Identifikationsnummer gem\u00e4\u00df \u00a727a Umsatzsteuergesetz: DE 313198149 Verantwortlich f\u00fcr den Inhalt nach \u00a7 55 Abs. 2 RStV: Vicky Klieber Brunnenstra\u00dfe 24 10119 Berlin Haftungsausschluss: Haftung f\u00fcr Inhalte Die Inhalte [&hellip;]\" \/>\n<meta property=\"og:url\" content=\"https:\/\/thegoldenbun.com\/contact-disclaimer\/\" \/>\n<meta property=\"og:site_name\" content=\"The Golden Bun\" \/>\n<meta property=\"article:publisher\" content=\"http:\/\/www.facebook.com\/thegoldenbun\" \/>\n<meta property=\"article:modified_time\" content=\"2022-04-29T06:26:59+00:00\" \/>\n<meta name=\"twitter:card\" content=\"summary\" \/>\n<meta name=\"twitter:site\" content=\"@thegoldenbun\" \/>\n<meta name=\"twitter:label1\" content=\"Gesch\u00e4tzte Lesezeit\" \/>\n\t<meta name=\"twitter:data1\" content=\"2\u00a0Minuten\" \/>\n<script type=\"application\/ld+json\" class=\"yoast-schema-graph\">{\"@context\":\"https:\/\/schema.org\",\"@graph\":[{\"@type\":\"WebSite\",\"@id\":\"https:\/\/thegoldenbun.com\/#website\",\"url\":\"https:\/\/thegoldenbun.com\/\",\"name\":\"The Golden Bun\",\"description\":\"Deutscher Reiseblog \/ Modeblog \/ Lifestyleblog \/ Berlin &amp; M\u00fcnchen \/ Reise &amp; Restaurant Tipps\",\"potentialAction\":[{\"@type\":\"SearchAction\",\"target\":{\"@type\":\"EntryPoint\",\"urlTemplate\":\"https:\/\/thegoldenbun.com\/?s={search_term_string}\"},\"query-input\":\"required name=search_term_string\"}],\"inLanguage\":\"de\"},{\"@type\":\"WebPage\",\"@id\":\"https:\/\/thegoldenbun.com\/contact-disclaimer\/#webpage\",\"url\":\"https:\/\/thegoldenbun.com\/contact-disclaimer\/\",\"name\":\"Kontakt \/ Disclaimer - The Golden Bun\",\"isPartOf\":{\"@id\":\"https:\/\/thegoldenbun.com\/#website\"},\"datePublished\":\"2015-04-14T13:10:54+00:00\",\"dateModified\":\"2022-04-29T06:26:59+00:00\",\"breadcrumb\":{\"@id\":\"https:\/\/thegoldenbun.com\/contact-disclaimer\/#breadcrumb\"},\"inLanguage\":\"de\",\"potentialAction\":[{\"@type\":\"ReadAction\",\"target\":[\"https:\/\/thegoldenbun.com\/contact-disclaimer\/\"]}]},{\"@type\":\"BreadcrumbList\",\"@id\":\"https:\/\/thegoldenbun.com\/contact-disclaimer\/#breadcrumb\",\"itemListElement\":[{\"@type\":\"ListItem\",\"position\":1,\"name\":\"Home\",\"item\":\"https:\/\/thegoldenbun.com\/\"},{\"@type\":\"ListItem\",\"position\":2,\"name\":\"Contact \/ Disclaimer\"}]}]}<\/script>\n<!-- \/ Yoast SEO plugin. -->","yoast_head_json":{"title":"Kontakt \/ Disclaimer - The Golden Bun","robots":{"index":"index","follow":"follow","max-snippet":"max-snippet:-1","max-image-preview":"max-image-preview:large","max-video-preview":"max-video-preview:-1"},"canonical":"https:\/\/thegoldenbun.com\/contact-disclaimer\/","og_locale":"de_DE","og_type":"article","og_title":"Kontakt \/ Disclaimer - The Golden Bun","og_description":"Sie wollen Medienpartner von THE GOLDEN BUN werden? Kontaktieren Sie mich doch bitte unter:\u00a0vicky[at]thegoldenbun.com und fordern Sie meine aktuellen Mediadaten an. \/\/ Impressum Angaben gem\u00e4\u00df \u00a7 5 TMG Vicky Klieber Brunnenstra\u00dfe 24 10119 Berlin Vertreten durch: Vicky Klieber Kontakt: E-Mail: vicky[at]thegoldenbun.com Umsatzsteuer-ID: Umsatzsteuer-Identifikationsnummer gem\u00e4\u00df \u00a727a Umsatzsteuergesetz: DE 313198149 Verantwortlich f\u00fcr den Inhalt nach \u00a7 55 Abs. 2 RStV: Vicky Klieber Brunnenstra\u00dfe 24 10119 Berlin Haftungsausschluss: Haftung f\u00fcr Inhalte Die Inhalte [&hellip;]","og_url":"https:\/\/thegoldenbun.com\/contact-disclaimer\/","og_site_name":"The Golden Bun","article_publisher":"http:\/\/www.facebook.com\/thegoldenbun","article_modified_time":"2022-04-29T06:26:59+00:00","twitter_card":"summary","twitter_site":"@thegoldenbun","twitter_misc":{"Gesch\u00e4tzte Lesezeit":"2\u00a0Minuten"},"schema":{"@context":"https:\/\/schema.org","@graph":[{"@type":"WebSite","@id":"https:\/\/thegoldenbun.com\/#website","url":"https:\/\/thegoldenbun.com\/","name":"The Golden Bun","description":"Deutscher Reiseblog \/ Modeblog \/ Lifestyleblog \/ Berlin &amp; M\u00fcnchen \/ Reise &amp; Restaurant Tipps","potentialAction":[{"@type":"SearchAction","target":{"@type":"EntryPoint","urlTemplate":"https:\/\/thegoldenbun.com\/?s={search_term_string}"},"query-input":"required name=search_term_string"}],"inLanguage":"de"},{"@type":"WebPage","@id":"https:\/\/thegoldenbun.com\/contact-disclaimer\/#webpage","url":"https:\/\/thegoldenbun.com\/contact-disclaimer\/","name":"Kontakt \/ Disclaimer - The Golden Bun","isPartOf":{"@id":"https:\/\/thegoldenbun.com\/#website"},"datePublished":"2015-04-14T13:10:54+00:00","dateModified":"2022-04-29T06:26:59+00:00","breadcrumb":{"@id":"https:\/\/thegoldenbun.com\/contact-disclaimer\/#breadcrumb"},"inLanguage":"de","potentialAction":[{"@type":"ReadAction","target":["https:\/\/thegoldenbun.com\/contact-disclaimer\/"]}]},{"@type":"BreadcrumbList","@id":"https:\/\/thegoldenbun.com\/contact-disclaimer\/#breadcrumb","itemListElement":[{"@type":"ListItem","position":1,"name":"Home","item":"https:\/\/thegoldenbun.com\/"},{"@type":"ListItem","position":2,"name":"Contact \/ Disclaimer"}]}]}},"jetpack_sharing_enabled":true,"_links":{"self":[{"href":"https:\/\/thegoldenbun.com\/de\/wp-json\/wp\/v2\/pages\/10"}],"collection":[{"href":"https:\/\/thegoldenbun.com\/de\/wp-json\/wp\/v2\/pages"}],"about":[{"href":"https:\/\/thegoldenbun.com\/de\/wp-json\/wp\/v2\/types\/page"}],"author":[{"embeddable":true,"href":"https:\/\/thegoldenbun.com\/de\/wp-json\/wp\/v2\/users\/1"}],"replies":[{"embeddable":true,"href":"https:\/\/thegoldenbun.com\/de\/wp-json\/wp\/v2\/comments?post=10"}],"version-history":[{"count":0,"href":"https:\/\/thegoldenbun.com\/de\/wp-json\/wp\/v2\/pages\/10\/revisions"}],"wp:attachment":[{"href":"https:\/\/thegoldenbun.com\/de\/wp-json\/wp\/v2\/media?parent=10"}],"curies":[{"name":"wp","href":"https:\/\/api.w.org\/{rel}","templated":true}]}}