{"id":30093,"date":"2017-05-22T11:31:26","date_gmt":"2017-05-22T09:31:26","guid":{"rendered":"http:\/\/thegoldenbun.com\/?page_id=30093"},"modified":"2022-04-29T08:40:15","modified_gmt":"2022-04-29T06:40:15","slug":"about","status":"publish","type":"page","link":"https:\/\/thegoldenbun.com\/de\/about\/","title":{"rendered":"<em>The<\/em> STORY &#038; KOOPERATIONEN"},"content":{"rendered":"<p><em>The Golden Bun <\/em>wurde Anfang 2010 gegr\u00fcndet. Das Ziel war es, eine Plattform f\u00fcr meine Fotografie und meine Liebe zur Mode zu schaffen. Zun\u00e4chst war es ein Style &amp; Reise-Blog, der sich nach und nach zu einem Lifestyle-Blog entwickelt hat.<\/p>\n<p>In all den Jahren habe ich viel Erfahrung in den Bereichen Fotografie, Journalismus, Marketing und Social Media gesammelt, w\u00e4hrend ich Vollzeit Architektur studierte. Nach dem Abschluss meines Studiums wurde der Blog zu einem Vollzeit-Job.<\/p>\n<p>Gestartet bin ich als Fashion-Blogger und habe dabei mit vielen bekannten Marken wie <em>MarcCain, Hallhuber, Bomboogie, Hunkem\u00f6ller, Massimo Dutti, Navyboot, Owloon, Triumph<\/em> und viele mehr zusammen gearbeitet. Beauty ist auch eines der Themen. The Golden Bun kann Kollaborationen mit <em>La Biosthetique, Art Deco, Bobbi Brown, Douglas, Redken, Regulat<\/em> und anderen aufweisen.<\/p>\n<div class=\"post-box\">\n<h5>Lifestyle &amp; Beauty collaborations<\/h5>\n<ul>\n<li style=\"text-align: left;\">Amazon Fashion<\/li>\n<li style=\"text-align: left;\">Atomic<\/li>\n<li style=\"text-align: left;\">Braun<\/li>\n<li style=\"text-align: left;\">Canon<\/li>\n<li style=\"text-align: left;\">Cartier<\/li>\n<li style=\"text-align: left;\">Chic Outlet Villages (Ingolstadt Village, Wertheim Village &#8230;)<\/li>\n<li style=\"text-align: left;\">Desenio<\/li>\n<li style=\"text-align: left;\">DKNY<\/li>\n<li style=\"text-align: left;\">Dodo<\/li>\n<li style=\"text-align: left;\">Eat &amp; Style<\/li>\n<li style=\"text-align: left;\">EF Sprachreisen<\/li>\n<li style=\"text-align: left;\">Emma<\/li>\n<li style=\"text-align: left;\">Eos<\/li>\n<li style=\"text-align: left;\">eve Sleep<\/li>\n<li style=\"text-align: left;\">Fossil<\/li>\n<li style=\"text-align: left;\">Gillette Venus<\/li>\n<li style=\"text-align: left;\">HypoVereinsbank<\/li>\n<li style=\"text-align: left;\">La Biosthetique<\/li>\n<li style=\"text-align: left;\">Little Beauty Box<\/li>\n<li style=\"text-align: left;\">Museumsquartier Wien<\/li>\n<li style=\"text-align: left;\">mycs<\/li>\n<li style=\"text-align: left;\">Nivea<\/li>\n<li style=\"text-align: left;\">O2<\/li>\n<li style=\"text-align: left;\">Pandora<\/li>\n<li style=\"text-align: left;\">Pantene<\/li>\n<li style=\"text-align: left;\">Peak Performance Tatonka<\/li>\n<li style=\"text-align: left;\">Philips<\/li>\n<li style=\"text-align: left;\">Philips<\/li>\n<li style=\"text-align: left;\">Reachbird<\/li>\n<li style=\"text-align: left;\">Regulat<\/li>\n<li style=\"text-align: left;\">Richmond &amp; Finch<\/li>\n<li style=\"text-align: left;\">RUGARD<\/li>\n<li style=\"text-align: left;\">Sabon<\/li>\n<li style=\"text-align: left;\">Sensodyne<\/li>\n<li style=\"text-align: left;\">Sister Mag<\/li>\n<li style=\"text-align: left;\">SuperFruits<\/li>\n<li style=\"text-align: left;\">Teva<\/li>\n<li style=\"text-align: left;\">The Inner Circle<\/li>\n<li style=\"text-align: left;\">Toni Sailer<\/li>\n<li style=\"text-align: left;\">Treatwell<\/li>\n<li style=\"text-align: left;\">Wanderlust Festival<\/li>\n<li style=\"text-align: left;\">Weleda<\/li>\n<li style=\"text-align: left;\">Westwing<\/li>\n<li style=\"text-align: left;\">Yves Rocher<\/li>\n<li style=\"text-align: left;\">&#8230;<\/li>\n<\/ul>\n<\/div>\n<div class=\"post-box\">\n<h5>FOOD \/ BEVERAGES<\/h5>\n<ul>\n<li style=\"text-align: left;\">Aperol<\/li>\n<li style=\"text-align: left;\">Averna<\/li>\n<li style=\"text-align: left;\">Bofrost<\/li>\n<li style=\"text-align: left;\">Bombay Sapphire<\/li>\n<li style=\"text-align: left;\">Campari<\/li>\n<li style=\"text-align: left;\">Champagne Lanson<\/li>\n<li style=\"text-align: left;\">Dalwhinnie Whiskey<\/li>\n<li style=\"text-align: left;\">Frangelico<\/li>\n<li style=\"text-align: left;\">GinMare<\/li>\n<li style=\"text-align: left;\">Giovanni Rana<\/li>\n<li style=\"text-align: left;\">Golden Toast<\/li>\n<li style=\"text-align: left;\">Grey Goose<\/li>\n<li style=\"text-align: left;\">Henkell<\/li>\n<li style=\"text-align: left;\">Herta Finesse<\/li>\n<li style=\"text-align: left;\">Lindt<\/li>\n<li style=\"text-align: left;\">Mercure Weinlese<\/li>\n<li style=\"text-align: left;\">Mouton Cadet<\/li>\n<li style=\"text-align: left;\">Nescaf\u00e9 Dolce Gusto<\/li>\n<li style=\"text-align: left;\">Nespresso<\/li>\n<li style=\"text-align: left;\">Quickcap<\/li>\n<li style=\"text-align: left;\">Sanpellegrino<\/li>\n<li style=\"text-align: left;\">SWISS Ap\u00e9ro<\/li>\n<li style=\"text-align: left;\">Tanqueray<\/li>\n<\/ul>\n<\/div>\n<p>Ich denke, \u00fcber die Jahre habe ich eine F\u00e4higkeit entwickelt, besondere Momente auf Reisen einzufangen und die Gabe, Emotionen durch meine Fotografien zu vermitteln. Au\u00dferdem findet ihr auf dem Blog w\u00f6chentliche Restaurant-Empfehlungen f\u00fcr verschiedene St\u00e4dte, meist M<em>\u00fcnchen<\/em>, <em>Paris<\/em> <em>und Berlin.<\/em><\/p>\n<p>Heute lebe ich in Berlin und arbeite als freiberufliche Bloggerin, Hochzeits- und Restaurant\/Essens-Fotografin, Social Media Beraterin und Architektin.<\/p>\n<h3><em>The<\/em> <strong>TEAM<\/strong><\/h3>\n<p>2017 habe ich mein Team mit zwei Co-Autorinnen Irina und Linde erweitert. Irina und ich lernten uns 2011 durch das Bloggen kennen. Irinas Leidenschaft f\u00fcr die Fotografie und Journalismus sind die perfekte Erg\u00e4nzung f\u00fcr The Golden Bun.<br \/>\nLinde ist seit Beginn Teil des Teams und half immer bei Shootings aus. Seit 2017 schreibt sie auch \u00fcber Reisen und Kulinarik.<\/p>\n<div class=\"post-box\">\n<h5>Reise KOoperationen<\/h5>\n<p>2017<\/p>\n<ul>\n<li style=\"text-align: left;\"><a href=\"https:\/\/thegoldenbun.com\/tag\/laax\/\">Promotion Trip mit Laax Tourismusverband<\/a>, <em>Januar 2017<\/em><\/li>\n<li style=\"text-align: left;\"><a href=\"https:\/\/thegoldenbun.com\/tag\/okinawa\/\">Promotion Trip mit Okinawa Prefectural Government<\/a>, <em>Februar 2017<\/em><\/li>\n<li style=\"text-align: left;\"><a href=\"https:\/\/thegoldenbun.com\/tag\/thailand\/\">Promotion Trip mit Thailand Fremdenverkehrsamt<\/a>, <em>April 2017<\/em><\/li>\n<li style=\"text-align: left;\"><a href=\"https:\/\/thegoldenbun.com\/tag\/vietnam\/\">Promotion Trip mit Vietnam National Administration of Tourism<\/a>, <em>April 2017<\/em><\/li>\n<li style=\"text-align: left;\"><a href=\"https:\/\/thegoldenbun.com\/2017\/05\/museumsquartier-wien-mqsommeropening\/\">Promotion Trip nach Wien mit MuseumsQuartier Wien<\/a>, <em>Mai 2017<\/em><\/li>\n<li style=\"text-align: left;\"><a href=\"https:\/\/thegoldenbun.com\/tag\/madrid\/\">Promotion Trip nach Madrid mit Barcel\u00f3 Torre de Madrid<\/a>, <em>Mai 2017<\/em><\/li>\n<li style=\"text-align: left;\"><a href=\"https:\/\/thegoldenbun.com\/2017\/06\/ms-europa-2-erste-kreuzfahrt-hapag-llyod\/\">Promotion Trip mit MS Europa 2<\/a>, <em>Mai 2017<\/em><\/li>\n<li style=\"text-align: left;\"><a href=\"https:\/\/thegoldenbun.com\/tag\/karpathos\/\">Promotion Trip mit Discover Greece nach Karpathos<\/a>, <em>Juni 2017<\/em><\/li>\n<li style=\"text-align: left;\"><a href=\"https:\/\/thegoldenbun.com\/tag\/flims\/\">Promotion Trip mit Flims Tourismusverband<\/a>, <em>Juli 2017<\/em><\/li>\n<li style=\"text-align: left;\"><a href=\"https:\/\/thegoldenbun.com\/tag\/mauritius\/\">Promotion Trip mit Long Beach Mauritius<\/a>, <em>August 2017<\/em><\/li>\n<li style=\"text-align: left;\"><a href=\"https:\/\/thegoldenbun.com\/tag\/oman\/\">Promotion Trip nach Oman mit Anantara Hotels<\/a>, <em>November 2017<\/em><\/li>\n<\/ul>\n<p>2018<\/p>\n<ul>\n<li style=\"text-align: left;\"><a href=\"https:\/\/thegoldenbun.com\/tag\/marbella\/\">Promotion Trip mit Am\u00e0re Marbella Beach Hotel<\/a>, <em>February 2018<\/em><\/li>\n<li style=\"text-align: left;\"><a href=\"https:\/\/thegoldenbun.com\/2018\/03\/thermal-baths-in-tuscany-albergo-posta-marcucci\/\">Promotion Trip in die Toskana mit Albergo Posta Marcucci<\/a>,<\/li>\n<li style=\"text-align: left;\"><a href=\"https:\/\/thegoldenbun.com\/2018\/05\/design-interior-10-hotspots-in-smaland-and-vaxjo-you-cant-miss\/\">Promotion Trip mit Smaland und V\u00e4xj\u00f6<\/a>, <em>April 2018<\/em><\/li>\n<li style=\"text-align: left;\"><a href=\"https:\/\/thegoldenbun.com\/2018\/07\/mali-losinj-restaurant-hotel-tipp-boutique-hotel-alhambra\/\">Promotion Trip mit Boutique Hotel Alhambra nach Mali Lo\u0161in<\/a>, <em>May 2018<\/em><\/li>\n<li style=\"text-align: left;\"><a href=\"https:\/\/thegoldenbun.com\/2018\/06\/two-weeks-more-holiday-educational-leave-with-ef-education-first-in-japan\/\">Promotion Trip nach Japan mit EF<\/a>,<em> June 2018<\/em><\/li>\n<li style=\"text-align: left;\"><a href=\"https:\/\/thegoldenbun.com\/2018\/07\/yoga-retreat-in-nature-zen-rocks-mani\/\">Promotion Trip mit ZEN ROCKS MANI in Griechenland<\/a>, <em>July 2018<\/em><\/li>\n<li style=\"text-align: left;\"><a href=\"https:\/\/thegoldenbun.com\/de\/tag\/baltic-sea\/\">Promotion Trip an die Ostsee<\/a>, <em>October 2018<\/em><\/li>\n<\/ul>\n<p>2019<\/p>\n<ul>\n<li style=\"text-align: left;\"><a href=\"https:\/\/thegoldenbun.com\/2019\/02\/skigebiet-serfaus-fiss-ladis-skiurlaub-in-tirol-skifahren-in-osterreich\/\">Promotion trip mit Serfaus-Fiss Ladis<\/a>, <em>January 2019<\/em><\/li>\n<li style=\"text-align: left;\"><a href=\"https:\/\/thegoldenbun.com\/tag\/cyprus\/\">Promotion trip mit Parklane Hotel in Zypern<\/a>, <em>March 2019<\/em><\/li>\n<li style=\"text-align: left;\"><a href=\"https:\/\/thegoldenbun.com\/tag\/madeira\/\">Promotion trip mit Madeira<\/a>, <em>April 2019<\/em><\/li>\n<\/ul>\n<\/div>\n<p>Vielen Dank f\u00fcr Deinen Besuch!<\/p>\n<div class=\"post-signature\">Alles Liebe,<br \/>\n<img src=\"http:\/\/thegoldenbun.com\/wp-content\/uploads\/2017\/05\/handschrift_Vicky.png\" \/><\/div>\n<p><\/p>","protected":false},"excerpt":{"rendered":"<p>The Golden Bun wurde Anfang 2010 gegr\u00fcndet. Das Ziel war es, eine Plattform f\u00fcr meine Fotografie und meine Liebe zur Mode zu schaffen. Zun\u00e4chst war es ein Style &amp; Reise-Blog, der sich nach und nach zu einem Lifestyle-Blog entwickelt hat. In all den Jahren habe ich viel Erfahrung in den Bereichen Fotografie, Journalismus, Marketing und Social Media gesammelt, w\u00e4hrend ich Vollzeit Architektur studierte. Nach dem Abschluss meines Studiums wurde der [&hellip;]<\/p>\n","protected":false},"author":1,"featured_media":0,"parent":0,"menu_order":0,"comment_status":"closed","ping_status":"closed","template":"","meta":{"_exactmetrics_skip_tracking":false,"_exactmetrics_sitenote_active":false,"_exactmetrics_sitenote_note":"","_exactmetrics_sitenote_category":0,"spay_email":""},"acf":[],"yoast_head":"<!-- This site is optimized with the Yoast SEO plugin v18.9 - https:\/\/yoast.com\/wordpress\/plugins\/seo\/ -->\n<title>The STORY &amp; KOOPERATIONEN - The Golden Bun<\/title>\n<meta name=\"robots\" content=\"index, follow, max-snippet:-1, max-image-preview:large, max-video-preview:-1\" \/>\n<link rel=\"canonical\" href=\"https:\/\/thegoldenbun.com\/about\/\" \/>\n<meta property=\"og:locale\" content=\"de_DE\" \/>\n<meta property=\"og:type\" content=\"article\" \/>\n<meta property=\"og:title\" content=\"The STORY &amp; KOOPERATIONEN - The Golden Bun\" \/>\n<meta property=\"og:description\" content=\"The Golden Bun wurde Anfang 2010 gegr\u00fcndet. Das Ziel war es, eine Plattform f\u00fcr meine Fotografie und meine Liebe zur Mode zu schaffen. Zun\u00e4chst war es ein Style &amp; Reise-Blog, der sich nach und nach zu einem Lifestyle-Blog entwickelt hat. In all den Jahren habe ich viel Erfahrung in den Bereichen Fotografie, Journalismus, Marketing und Social Media gesammelt, w\u00e4hrend ich Vollzeit Architektur studierte. Nach dem Abschluss meines Studiums wurde der [&hellip;]\" \/>\n<meta property=\"og:url\" content=\"https:\/\/thegoldenbun.com\/about\/\" \/>\n<meta property=\"og:site_name\" content=\"The Golden Bun\" \/>\n<meta property=\"article:publisher\" content=\"http:\/\/www.facebook.com\/thegoldenbun\" \/>\n<meta property=\"article:modified_time\" content=\"2022-04-29T06:40:15+00:00\" \/>\n<meta property=\"og:image\" content=\"http:\/\/thegoldenbun.com\/wp-content\/uploads\/2017\/05\/handschrift_Vicky.png\" \/>\n<meta name=\"twitter:card\" content=\"summary\" \/>\n<meta name=\"twitter:site\" content=\"@thegoldenbun\" \/>\n<meta name=\"twitter:label1\" content=\"Gesch\u00e4tzte Lesezeit\" \/>\n\t<meta name=\"twitter:data1\" content=\"3\u00a0Minuten\" \/>\n<script type=\"application\/ld+json\" class=\"yoast-schema-graph\">{\"@context\":\"https:\/\/schema.org\",\"@graph\":[{\"@type\":\"WebSite\",\"@id\":\"https:\/\/thegoldenbun.com\/#website\",\"url\":\"https:\/\/thegoldenbun.com\/\",\"name\":\"The Golden Bun\",\"description\":\"Deutscher Reiseblog \/ Modeblog \/ Lifestyleblog \/ Berlin &amp; M\u00fcnchen \/ Reise &amp; Restaurant Tipps\",\"potentialAction\":[{\"@type\":\"SearchAction\",\"target\":{\"@type\":\"EntryPoint\",\"urlTemplate\":\"https:\/\/thegoldenbun.com\/?s={search_term_string}\"},\"query-input\":\"required name=search_term_string\"}],\"inLanguage\":\"de\"},{\"@type\":\"ImageObject\",\"inLanguage\":\"de\",\"@id\":\"https:\/\/thegoldenbun.com\/about\/#primaryimage\",\"url\":\"http:\/\/thegoldenbun.com\/wp-content\/uploads\/2017\/05\/handschrift_Vicky.png\",\"contentUrl\":\"http:\/\/thegoldenbun.com\/wp-content\/uploads\/2017\/05\/handschrift_Vicky.png\"},{\"@type\":\"WebPage\",\"@id\":\"https:\/\/thegoldenbun.com\/about\/#webpage\",\"url\":\"https:\/\/thegoldenbun.com\/about\/\",\"name\":\"The STORY & KOOPERATIONEN - The Golden Bun\",\"isPartOf\":{\"@id\":\"https:\/\/thegoldenbun.com\/#website\"},\"primaryImageOfPage\":{\"@id\":\"https:\/\/thegoldenbun.com\/about\/#primaryimage\"},\"datePublished\":\"2017-05-22T09:31:26+00:00\",\"dateModified\":\"2022-04-29T06:40:15+00:00\",\"breadcrumb\":{\"@id\":\"https:\/\/thegoldenbun.com\/about\/#breadcrumb\"},\"inLanguage\":\"de\",\"potentialAction\":[{\"@type\":\"ReadAction\",\"target\":[\"https:\/\/thegoldenbun.com\/about\/\"]}]},{\"@type\":\"BreadcrumbList\",\"@id\":\"https:\/\/thegoldenbun.com\/about\/#breadcrumb\",\"itemListElement\":[{\"@type\":\"ListItem\",\"position\":1,\"name\":\"Home\",\"item\":\"https:\/\/thegoldenbun.com\/\"},{\"@type\":\"ListItem\",\"position\":2,\"name\":\"The STORY &#038; COLLABORATIONS\"}]}]}<\/script>\n<!-- \/ Yoast SEO plugin. -->","yoast_head_json":{"title":"The STORY & KOOPERATIONEN - The Golden Bun","robots":{"index":"index","follow":"follow","max-snippet":"max-snippet:-1","max-image-preview":"max-image-preview:large","max-video-preview":"max-video-preview:-1"},"canonical":"https:\/\/thegoldenbun.com\/about\/","og_locale":"de_DE","og_type":"article","og_title":"The STORY & KOOPERATIONEN - The Golden Bun","og_description":"The Golden Bun wurde Anfang 2010 gegr\u00fcndet. Das Ziel war es, eine Plattform f\u00fcr meine Fotografie und meine Liebe zur Mode zu schaffen. Zun\u00e4chst war es ein Style &amp; Reise-Blog, der sich nach und nach zu einem Lifestyle-Blog entwickelt hat. In all den Jahren habe ich viel Erfahrung in den Bereichen Fotografie, Journalismus, Marketing und Social Media gesammelt, w\u00e4hrend ich Vollzeit Architektur studierte. Nach dem Abschluss meines Studiums wurde der [&hellip;]","og_url":"https:\/\/thegoldenbun.com\/about\/","og_site_name":"The Golden Bun","article_publisher":"http:\/\/www.facebook.com\/thegoldenbun","article_modified_time":"2022-04-29T06:40:15+00:00","og_image":[{"url":"http:\/\/thegoldenbun.com\/wp-content\/uploads\/2017\/05\/handschrift_Vicky.png"}],"twitter_card":"summary","twitter_site":"@thegoldenbun","twitter_misc":{"Gesch\u00e4tzte Lesezeit":"3\u00a0Minuten"},"schema":{"@context":"https:\/\/schema.org","@graph":[{"@type":"WebSite","@id":"https:\/\/thegoldenbun.com\/#website","url":"https:\/\/thegoldenbun.com\/","name":"The Golden Bun","description":"Deutscher Reiseblog \/ Modeblog \/ Lifestyleblog \/ Berlin &amp; M\u00fcnchen \/ Reise &amp; Restaurant Tipps","potentialAction":[{"@type":"SearchAction","target":{"@type":"EntryPoint","urlTemplate":"https:\/\/thegoldenbun.com\/?s={search_term_string}"},"query-input":"required name=search_term_string"}],"inLanguage":"de"},{"@type":"ImageObject","inLanguage":"de","@id":"https:\/\/thegoldenbun.com\/about\/#primaryimage","url":"http:\/\/thegoldenbun.com\/wp-content\/uploads\/2017\/05\/handschrift_Vicky.png","contentUrl":"http:\/\/thegoldenbun.com\/wp-content\/uploads\/2017\/05\/handschrift_Vicky.png"},{"@type":"WebPage","@id":"https:\/\/thegoldenbun.com\/about\/#webpage","url":"https:\/\/thegoldenbun.com\/about\/","name":"The STORY & KOOPERATIONEN - The Golden Bun","isPartOf":{"@id":"https:\/\/thegoldenbun.com\/#website"},"primaryImageOfPage":{"@id":"https:\/\/thegoldenbun.com\/about\/#primaryimage"},"datePublished":"2017-05-22T09:31:26+00:00","dateModified":"2022-04-29T06:40:15+00:00","breadcrumb":{"@id":"https:\/\/thegoldenbun.com\/about\/#breadcrumb"},"inLanguage":"de","potentialAction":[{"@type":"ReadAction","target":["https:\/\/thegoldenbun.com\/about\/"]}]},{"@type":"BreadcrumbList","@id":"https:\/\/thegoldenbun.com\/about\/#breadcrumb","itemListElement":[{"@type":"ListItem","position":1,"name":"Home","item":"https:\/\/thegoldenbun.com\/"},{"@type":"ListItem","position":2,"name":"The STORY &#038; COLLABORATIONS"}]}]}},"jetpack_sharing_enabled":true,"_links":{"self":[{"href":"https:\/\/thegoldenbun.com\/de\/wp-json\/wp\/v2\/pages\/30093"}],"collection":[{"href":"https:\/\/thegoldenbun.com\/de\/wp-json\/wp\/v2\/pages"}],"about":[{"href":"https:\/\/thegoldenbun.com\/de\/wp-json\/wp\/v2\/types\/page"}],"author":[{"embeddable":true,"href":"https:\/\/thegoldenbun.com\/de\/wp-json\/wp\/v2\/users\/1"}],"replies":[{"embeddable":true,"href":"https:\/\/thegoldenbun.com\/de\/wp-json\/wp\/v2\/comments?post=30093"}],"version-history":[{"count":0,"href":"https:\/\/thegoldenbun.com\/de\/wp-json\/wp\/v2\/pages\/30093\/revisions"}],"wp:attachment":[{"href":"https:\/\/thegoldenbun.com\/de\/wp-json\/wp\/v2\/media?parent=30093"}],"curies":[{"name":"wp","href":"https:\/\/api.w.org\/{rel}","templated":true}]}}